{"id":1359,"date":"2025-11-24T15:50:39","date_gmt":"2025-11-24T14:50:39","guid":{"rendered":"http:\/\/colegiomontserrat.org\/?page_id=1359"},"modified":"2025-11-24T15:50:41","modified_gmt":"2025-11-24T14:50:41","slug":"grupos-interactivos","status":"publish","type":"page","link":"https:\/\/colegiomontserrat.org\/?page_id=1359","title":{"rendered":"Grupos interactivos"},"content":{"rendered":"\n<p>Los Grupos Interactivos son una forma de organizaci\u00f3n del aula que promueve la mejora<br \/>del aprendizaje y la convivencia a trav\u00e9s de la colaboraci\u00f3n y la inclusi\u00f3n.<br \/>El alumnado se distribuye en grupos heterog\u00e9neos, donde participa junto a personas<br \/>adultas voluntarias (familiares, profesorado u otros colaboradores) que dinamizan las<br \/>actividades. Esta metodolog\u00eda fomenta el aprendizaje entre iguales, el trabajo en equipo y<br \/>el di\u00e1logo constante, logrando que todos los estudiantes aprendan y progresen juntos.<\/p>\n\n\n<p style=\"text-align: justify;\"><img loading=\"lazy\" decoding=\"async\" class=\"alignleft size-full wp-image-3450\" src=\"http:\/\/colegiomontserrat.org\/wp-content\/uploads\/2014\/01\/grupos-interactivos-infantil-2.jpg\" alt=\"\" width=\"240\" height=\"134\" \/><\/p>\n<p>\u00a0<\/p>\n<p>\u00a0<\/p>\n<p>\u00a0<\/p>\n<p>\u00a0<\/p>\n<p style=\"text-align: justify;\">\u00a0<\/p>\n<p><span style=\"border-radius: 2px; text-indent: 20px; width: auto; padding: 0px 4px 0px 0px; text-align: center; font: bold 11px\/20px 'Helvetica Neue',Helvetica,sans-serif; color: #ffffff; background: #bd081c no-repeat scroll 3px 50% \/ 14px 14px; position: absolute; opacity: 1; z-index: 8675309; display: none; cursor: pointer;\">Guardar<\/span><\/p>","protected":false},"excerpt":{"rendered":"<p>Los Grupos Interactivos son una forma de organizaci\u00f3n del aula que promueve la mejoradel aprendizaje y la convivencia a trav\u00e9s de la colaboraci\u00f3n y la inclusi\u00f3n.El alumnado se distribuye en grupos heterog\u00e9neos, donde participa junto a personasadultas voluntarias (familiares, profesorado u otros colaboradores) que dinamizan lasactividades. Esta metodolog\u00eda fomenta el aprendizaje entre iguales, el trabajo [&hellip;]<\/p>\n","protected":false},"author":1,"featured_media":2747,"parent":1375,"menu_order":0,"comment_status":"closed","ping_status":"closed","template":"template-full-width.php","meta":{"footnotes":""},"class_list":["post-1359","page","type-page","status-publish","has-post-thumbnail","hentry"],"_links":{"self":[{"href":"https:\/\/colegiomontserrat.org\/index.php?rest_route=\/wp\/v2\/pages\/1359","targetHints":{"allow":["GET"]}}],"collection":[{"href":"https:\/\/colegiomontserrat.org\/index.php?rest_route=\/wp\/v2\/pages"}],"about":[{"href":"https:\/\/colegiomontserrat.org\/index.php?rest_route=\/wp\/v2\/types\/page"}],"author":[{"embeddable":true,"href":"https:\/\/colegiomontserrat.org\/index.php?rest_route=\/wp\/v2\/users\/1"}],"replies":[{"embeddable":true,"href":"https:\/\/colegiomontserrat.org\/index.php?rest_route=%2Fwp%2Fv2%2Fcomments&post=1359"}],"version-history":[{"count":8,"href":"https:\/\/colegiomontserrat.org\/index.php?rest_route=\/wp\/v2\/pages\/1359\/revisions"}],"predecessor-version":[{"id":16262,"href":"https:\/\/colegiomontserrat.org\/index.php?rest_route=\/wp\/v2\/pages\/1359\/revisions\/16262"}],"up":[{"embeddable":true,"href":"https:\/\/colegiomontserrat.org\/index.php?rest_route=\/wp\/v2\/pages\/1375"}],"wp:featuredmedia":[{"embeddable":true,"href":"https:\/\/colegiomontserrat.org\/index.php?rest_route=\/wp\/v2\/media\/2747"}],"wp:attachment":[{"href":"https:\/\/colegiomontserrat.org\/index.php?rest_route=%2Fwp%2Fv2%2Fmedia&parent=1359"}],"curies":[{"name":"wp","href":"https:\/\/api.w.org\/{rel}","templated":true}]}}