{"id":1373,"date":"2025-11-24T15:54:07","date_gmt":"2025-11-24T14:54:07","guid":{"rendered":"http:\/\/colegiomontserrat.org\/?page_id=1373"},"modified":"2025-11-24T15:54:08","modified_gmt":"2025-11-24T14:54:08","slug":"tertulias-literarias-dialogicas","status":"publish","type":"page","link":"https:\/\/colegiomontserrat.org\/?page_id=1373","title":{"rendered":"Tertulias literarias dial\u00f3gicas"},"content":{"rendered":"\n<p>Las Tertulias Literarias Dial\u00f3gicas son una actividad educativa que fomenta la lectura, el<br \/>pensamiento cr\u00edtico y el di\u00e1logo igualitario entre todo el alumnado, sin distinci\u00f3n de<br \/>edad, cultura o capacidad.<br \/>En cada sesi\u00f3n, los estudiantes comparten y comentan los fragmentos de una obra cl\u00e1sica<br \/>que m\u00e1s les han inspirado, generando un intercambio de ideas y reflexiones que<br \/>enriquece su aprendizaje y comprensi\u00f3n lectora.<br \/>La lectura de cl\u00e1sicos de la literatura universal permite al alumnado ampliar su<br \/>vocabulario, conocer otras \u00e9pocas y culturas, y desarrollar una mirada m\u00e1s profunda y<br \/>cr\u00edtica del mundo que les rodea.<\/p>\n\n\n<p style=\"text-align: justify;\"><a href=\"http:\/\/colegiomontserrat.org\/wp-content\/uploads\/2014\/01\/tertulia-dial\u00f3gica.jpg\"><img loading=\"lazy\" decoding=\"async\" class=\"alignleft size-medium wp-image-1374\" src=\"http:\/\/colegiomontserrat.org\/wp-content\/uploads\/2014\/01\/tertulia-dial\u00f3gica-300x168.jpg\" alt=\"tertulia dial\u00f3gica\" width=\"300\" height=\"168\" srcset=\"https:\/\/colegiomontserrat.org\/wp-content\/uploads\/2014\/01\/tertulia-dial\u00f3gica-300x168.jpg 300w, https:\/\/colegiomontserrat.org\/wp-content\/uploads\/2014\/01\/tertulia-dial\u00f3gica-1024x574.jpg 1024w\" sizes=\"auto, (max-width: 300px) 100vw, 300px\" \/><\/a><\/p>\n<p>\u00a0<\/p>\n<p>\u00a0<\/p>\n<p>\u00a0<\/p>\n<p>\u00a0<\/p>\n<p style=\"text-align: justify;\">\u00a0<\/p>\n<p style=\"text-align: justify;\">\u00a0<\/p>\n<p><span style=\"border-radius: 2px; text-indent: 20px; width: auto; padding: 0px 4px 0px 0px; text-align: center; font: bold 11px\/20px 'Helvetica Neue',Helvetica,sans-serif; color: #ffffff; background: #bd081c no-repeat scroll 3px 50% \/ 14px 14px; position: absolute; opacity: 1; z-index: 8675309; display: none; cursor: pointer;\">Guardar<\/span><\/p>\n<p><span style=\"border-radius: 2px; text-indent: 20px; width: auto; padding: 0px 4px 0px 0px; text-align: center; font: bold 11px\/20px 'Helvetica Neue',Helvetica,sans-serif; color: #ffffff; background: #bd081c no-repeat scroll 3px 50% \/ 14px 14px; position: absolute; opacity: 1; z-index: 8675309; display: none; cursor: pointer;\">Guardar<\/span><\/p>","protected":false},"excerpt":{"rendered":"<p>Las Tertulias Literarias Dial\u00f3gicas son una actividad educativa que fomenta la lectura, elpensamiento cr\u00edtico y el di\u00e1logo igualitario entre todo el alumnado, sin distinci\u00f3n deedad, cultura o capacidad.En cada sesi\u00f3n, los estudiantes comparten y comentan los fragmentos de una obra cl\u00e1sicaque m\u00e1s les han inspirado, generando un intercambio de ideas y reflexiones queenriquece su aprendizaje [&hellip;]<\/p>\n","protected":false},"author":1,"featured_media":0,"parent":1375,"menu_order":0,"comment_status":"closed","ping_status":"closed","template":"template-full-width.php","meta":{"footnotes":""},"class_list":["post-1373","page","type-page","status-publish","hentry"],"_links":{"self":[{"href":"https:\/\/colegiomontserrat.org\/index.php?rest_route=\/wp\/v2\/pages\/1373","targetHints":{"allow":["GET"]}}],"collection":[{"href":"https:\/\/colegiomontserrat.org\/index.php?rest_route=\/wp\/v2\/pages"}],"about":[{"href":"https:\/\/colegiomontserrat.org\/index.php?rest_route=\/wp\/v2\/types\/page"}],"author":[{"embeddable":true,"href":"https:\/\/colegiomontserrat.org\/index.php?rest_route=\/wp\/v2\/users\/1"}],"replies":[{"embeddable":true,"href":"https:\/\/colegiomontserrat.org\/index.php?rest_route=%2Fwp%2Fv2%2Fcomments&post=1373"}],"version-history":[{"count":5,"href":"https:\/\/colegiomontserrat.org\/index.php?rest_route=\/wp\/v2\/pages\/1373\/revisions"}],"predecessor-version":[{"id":16264,"href":"https:\/\/colegiomontserrat.org\/index.php?rest_route=\/wp\/v2\/pages\/1373\/revisions\/16264"}],"up":[{"embeddable":true,"href":"https:\/\/colegiomontserrat.org\/index.php?rest_route=\/wp\/v2\/pages\/1375"}],"wp:attachment":[{"href":"https:\/\/colegiomontserrat.org\/index.php?rest_route=%2Fwp%2Fv2%2Fmedia&parent=1373"}],"curies":[{"name":"wp","href":"https:\/\/api.w.org\/{rel}","templated":true}]}}