{"id":1375,"date":"2025-11-24T15:45:47","date_gmt":"2025-11-24T14:45:47","guid":{"rendered":"http:\/\/colegiomontserrat.org\/?page_id=1375"},"modified":"2025-11-24T15:48:38","modified_gmt":"2025-11-24T14:48:38","slug":"actuaciones-educativas-de-exito","status":"publish","type":"page","link":"https:\/\/colegiomontserrat.org\/actuaciones-educativas-de-exito\/","title":{"rendered":"Actuaciones educativas de \u00e9xito"},"content":{"rendered":"\n<p>En nuestro colegio llevamos a\u00f1os implantando Actuaciones Educativas de \u00c9xito, basadas<br \/>en el aprendizaje dial\u00f3gico y avaladas por el programa europeo INCLUD-ED.<br \/>Estas actuaciones, como los Grupos Interactivos y las Tertulias Literarias Dial\u00f3gicas,<br \/>favorecen la mejora del rendimiento acad\u00e9mico y la convivencia escolar mediante la<br \/>participaci\u00f3n activa y el di\u00e1logo.<br \/>Este proyecto invita a toda la comunidad educativa \u2014familias, profesorado y vecinos\u2014 a<br \/>colaborar como voluntariado en el proceso de aprendizaje, creando un entorno m\u00e1s<br \/>inclusivo, participativo y enriquecedor para todos.<\/p>\n\n\n<p style=\"text-align: justify;\">\u00a0<\/p>\n<p style=\"text-align: justify;\"><img decoding=\"async\" class=\"alignleft size-full wp-image-3447\" src=\"http:\/\/colegiomontserrat.org\/wp-content\/uploads\/2014\/01\/grupos-interactivos-infantil.jpg\" alt=\"\" width=\"240\" height=\"134\" \/><\/p>\n<h1>\u00a0<\/h1>\n<h1>\u00a0<\/h1>\n<h1>\u00a0<\/h1>\n<p>\u00a0<\/p>\n<h1><a title=\"Grupos interactivos\" href=\"http:\/\/colegiomontserrat.org\/?page_id=1359\">Grupos interactivos<\/a><\/h1>\n<p>\u00a0<\/p>\n<p>\u00a0<\/p>\n<h1><a title=\"Tertulias literarias dial\u00f3gicas\" href=\"http:\/\/colegiomontserrat.org\/?page_id=1373\" target=\"_blank\" rel=\"noopener noreferrer\">Tertulias literarias dial\u00f3gicas<\/a><\/h1>\n<p><span style=\"border-radius: 2px; text-indent: 20px; width: auto; padding: 0px 4px 0px 0px; text-align: center; font: bold 11px\/20px 'Helvetica Neue',Helvetica,sans-serif; color: #ffffff; background: #bd081c  no-repeat scroll 3px 50% \/ 14px 14px; position: absolute; opacity: 1; z-index: 8675309; display: none; cursor: pointer;\">Guardar<\/span><\/p>","protected":false},"excerpt":{"rendered":"<p>En nuestro colegio llevamos a\u00f1os implantando Actuaciones Educativas de \u00c9xito, basadasen el aprendizaje dial\u00f3gico y avaladas por el programa europeo INCLUD-ED.Estas actuaciones, como los Grupos Interactivos y las Tertulias Literarias Dial\u00f3gicas,favorecen la mejora del rendimiento acad\u00e9mico y la convivencia escolar mediante laparticipaci\u00f3n activa y el di\u00e1logo.Este proyecto invita a toda la comunidad educativa \u2014familias, profesorado [&hellip;]<\/p>\n","protected":false},"author":1,"featured_media":1884,"parent":0,"menu_order":0,"comment_status":"closed","ping_status":"closed","template":"template-full-width.php","meta":{"footnotes":""},"class_list":["post-1375","page","type-page","status-publish","has-post-thumbnail","hentry"],"_links":{"self":[{"href":"https:\/\/colegiomontserrat.org\/wp-json\/wp\/v2\/pages\/1375","targetHints":{"allow":["GET"]}}],"collection":[{"href":"https:\/\/colegiomontserrat.org\/wp-json\/wp\/v2\/pages"}],"about":[{"href":"https:\/\/colegiomontserrat.org\/wp-json\/wp\/v2\/types\/page"}],"author":[{"embeddable":true,"href":"https:\/\/colegiomontserrat.org\/wp-json\/wp\/v2\/users\/1"}],"replies":[{"embeddable":true,"href":"https:\/\/colegiomontserrat.org\/wp-json\/wp\/v2\/comments?post=1375"}],"version-history":[{"count":9,"href":"https:\/\/colegiomontserrat.org\/wp-json\/wp\/v2\/pages\/1375\/revisions"}],"predecessor-version":[{"id":16260,"href":"https:\/\/colegiomontserrat.org\/wp-json\/wp\/v2\/pages\/1375\/revisions\/16260"}],"wp:featuredmedia":[{"embeddable":true,"href":"https:\/\/colegiomontserrat.org\/wp-json\/wp\/v2\/media\/1884"}],"wp:attachment":[{"href":"https:\/\/colegiomontserrat.org\/wp-json\/wp\/v2\/media?parent=1375"}],"curies":[{"name":"wp","href":"https:\/\/api.w.org\/{rel}","templated":true}]}}