{"id":16069,"date":"2025-03-10T19:06:05","date_gmt":"2025-03-10T18:06:05","guid":{"rendered":"https:\/\/colegiomontserrat.org\/?page_id=16069"},"modified":"2026-03-02T23:45:26","modified_gmt":"2026-03-02T22:45:26","slug":"educacion-primaria","status":"publish","type":"page","link":"https:\/\/colegiomontserrat.org\/educacion-primaria\/","title":{"rendered":"Educaci\u00f3n Primaria"},"content":{"rendered":"\n<p>La educaci\u00f3n primaria es la etapa del sistema educativo que sigue a la educaci\u00f3n infantil y abarca generalmente desde los seis hasta los doce a\u00f1os. Es un per\u00edodo crucial en el desarrollo acad\u00e9mico, social y emocional de los ni\u00f1os, donde se consolidan habilidades b\u00e1sicas y se fomenta su curiosidad natural.<\/p>\n\n\n\n<p>Las aulas de primaria son entendidas como un escenario de aprendizaje que se transforma en funci\u00f3n de las situaciones de aprendizaje (asamblea, grupos interactivos, talleres, art\u00edstica, lectura, noticias, tertulias dial\u00f3gicas, desdobles, etc.) as\u00ed como de los agrupamientos de trabajo (gran y peque\u00f1o grupo y trabajo individual)<\/p>\n\n\n\n<figure class=\"wp-block-gallery has-nested-images columns-default is-cropped wp-block-gallery-1 is-layout-flex wp-block-gallery-is-layout-flex\">\n<figure class=\"wp-block-image size-large\"><img decoding=\"async\" width=\"1024\" height=\"768\" data-id=\"15894\" src=\"https:\/\/colegiomontserrat.org\/wp-content\/uploads\/2024\/11\/IMG_6848-1024x768.jpeg\" alt=\"\" class=\"wp-image-15894\" srcset=\"https:\/\/colegiomontserrat.org\/wp-content\/uploads\/2024\/11\/IMG_6848-1024x768.jpeg 1024w, https:\/\/colegiomontserrat.org\/wp-content\/uploads\/2024\/11\/IMG_6848-300x225.jpeg 300w, https:\/\/colegiomontserrat.org\/wp-content\/uploads\/2024\/11\/IMG_6848-768x576.jpeg 768w, https:\/\/colegiomontserrat.org\/wp-content\/uploads\/2024\/11\/IMG_6848.jpeg 1280w\" sizes=\"(max-width: 1024px) 100vw, 1024px\" \/><\/figure>\n\n\n\n<figure class=\"wp-block-image size-large\"><img decoding=\"async\" width=\"1024\" height=\"768\" data-id=\"15684\" src=\"https:\/\/colegiomontserrat.org\/wp-content\/uploads\/2024\/05\/image_50739457-1024x768.jpg\" alt=\"\" class=\"wp-image-15684\" srcset=\"https:\/\/colegiomontserrat.org\/wp-content\/uploads\/2024\/05\/image_50739457-1024x768.jpg 1024w, https:\/\/colegiomontserrat.org\/wp-content\/uploads\/2024\/05\/image_50739457-300x225.jpg 300w, https:\/\/colegiomontserrat.org\/wp-content\/uploads\/2024\/05\/image_50739457-768x576.jpg 768w, https:\/\/colegiomontserrat.org\/wp-content\/uploads\/2024\/05\/image_50739457-1536x1152.jpg 1536w, https:\/\/colegiomontserrat.org\/wp-content\/uploads\/2024\/05\/image_50739457-2048x1536.jpg 2048w\" sizes=\"(max-width: 1024px) 100vw, 1024px\" \/><\/figure>\n\n\n\n<figure class=\"wp-block-image\"><img decoding=\"async\" src=\"https:\/\/colegiomontserrat.org\/wp-content\/uploads\/2024\/01\/IMG_1280-1024x768.jpg\" alt=\"La imagen actual no tiene texto alternativo. El nombre del archivo es: IMG_1280-scaled.jpg\"\/><\/figure>\n\n\n\n<figure class=\"wp-block-image size-large\"><img decoding=\"async\" width=\"1024\" height=\"768\" data-id=\"15681\" src=\"https:\/\/colegiomontserrat.org\/wp-content\/uploads\/2024\/05\/photo_5913523677549413221_y-1024x768.jpg\" alt=\"\" class=\"wp-image-15681\" srcset=\"https:\/\/colegiomontserrat.org\/wp-content\/uploads\/2024\/05\/photo_5913523677549413221_y-1024x768.jpg 1024w, https:\/\/colegiomontserrat.org\/wp-content\/uploads\/2024\/05\/photo_5913523677549413221_y-300x225.jpg 300w, https:\/\/colegiomontserrat.org\/wp-content\/uploads\/2024\/05\/photo_5913523677549413221_y-768x576.jpg 768w, https:\/\/colegiomontserrat.org\/wp-content\/uploads\/2024\/05\/photo_5913523677549413221_y.jpg 1280w\" sizes=\"(max-width: 1024px) 100vw, 1024px\" \/><\/figure>\n\n\n\n<figure class=\"wp-block-image size-large\"><img decoding=\"async\" width=\"1024\" height=\"768\" data-id=\"15209\" src=\"https:\/\/colegiomontserrat.org\/wp-content\/uploads\/2024\/02\/WhatsApp-Image-2024-02-17-at-10.21.54-3-1024x768.jpeg\" alt=\"\" class=\"wp-image-15209\" srcset=\"https:\/\/colegiomontserrat.org\/wp-content\/uploads\/2024\/02\/WhatsApp-Image-2024-02-17-at-10.21.54-3-1024x768.jpeg 1024w, https:\/\/colegiomontserrat.org\/wp-content\/uploads\/2024\/02\/WhatsApp-Image-2024-02-17-at-10.21.54-3-300x225.jpeg 300w, https:\/\/colegiomontserrat.org\/wp-content\/uploads\/2024\/02\/WhatsApp-Image-2024-02-17-at-10.21.54-3-768x576.jpeg 768w, https:\/\/colegiomontserrat.org\/wp-content\/uploads\/2024\/02\/WhatsApp-Image-2024-02-17-at-10.21.54-3-1536x1152.jpeg 1536w, https:\/\/colegiomontserrat.org\/wp-content\/uploads\/2024\/02\/WhatsApp-Image-2024-02-17-at-10.21.54-3.jpeg 1600w\" sizes=\"(max-width: 1024px) 100vw, 1024px\" \/><\/figure>\n\n\n\n<figure class=\"wp-block-image size-large\"><img decoding=\"async\" width=\"1024\" height=\"768\" data-id=\"14999\" src=\"https:\/\/colegiomontserrat.org\/wp-content\/uploads\/2024\/01\/IMG_1279-1024x768.jpg\" alt=\"\" class=\"wp-image-14999\" srcset=\"https:\/\/colegiomontserrat.org\/wp-content\/uploads\/2024\/01\/IMG_1279-1024x768.jpg 1024w, https:\/\/colegiomontserrat.org\/wp-content\/uploads\/2024\/01\/IMG_1279-300x225.jpg 300w, https:\/\/colegiomontserrat.org\/wp-content\/uploads\/2024\/01\/IMG_1279-768x576.jpg 768w, https:\/\/colegiomontserrat.org\/wp-content\/uploads\/2024\/01\/IMG_1279-1536x1152.jpg 1536w, https:\/\/colegiomontserrat.org\/wp-content\/uploads\/2024\/01\/IMG_1279-2048x1536.jpg 2048w\" sizes=\"(max-width: 1024px) 100vw, 1024px\" \/><\/figure>\n\n\n\n<figure class=\"wp-block-image size-large\"><img decoding=\"async\" width=\"1024\" height=\"768\" data-id=\"14805\" src=\"https:\/\/colegiomontserrat.org\/wp-content\/uploads\/2023\/12\/IMG_1428-1024x768.jpeg\" alt=\"\" class=\"wp-image-14805\" srcset=\"https:\/\/colegiomontserrat.org\/wp-content\/uploads\/2023\/12\/IMG_1428-1024x768.jpeg 1024w, https:\/\/colegiomontserrat.org\/wp-content\/uploads\/2023\/12\/IMG_1428-300x225.jpeg 300w, https:\/\/colegiomontserrat.org\/wp-content\/uploads\/2023\/12\/IMG_1428-768x576.jpeg 768w, https:\/\/colegiomontserrat.org\/wp-content\/uploads\/2023\/12\/IMG_1428-1536x1152.jpeg 1536w, https:\/\/colegiomontserrat.org\/wp-content\/uploads\/2023\/12\/IMG_1428-2048x1536.jpeg 2048w\" sizes=\"(max-width: 1024px) 100vw, 1024px\" \/><\/figure>\n\n\n\n<figure class=\"wp-block-image size-large\"><img decoding=\"async\" width=\"1024\" height=\"768\" data-id=\"14692\" src=\"https:\/\/colegiomontserrat.org\/wp-content\/uploads\/2023\/10\/IMG_0868-1024x768.jpeg\" alt=\"\" class=\"wp-image-14692\" srcset=\"https:\/\/colegiomontserrat.org\/wp-content\/uploads\/2023\/10\/IMG_0868-1024x768.jpeg 1024w, https:\/\/colegiomontserrat.org\/wp-content\/uploads\/2023\/10\/IMG_0868-300x225.jpeg 300w, https:\/\/colegiomontserrat.org\/wp-content\/uploads\/2023\/10\/IMG_0868-768x576.jpeg 768w, https:\/\/colegiomontserrat.org\/wp-content\/uploads\/2023\/10\/IMG_0868-1536x1152.jpeg 1536w, https:\/\/colegiomontserrat.org\/wp-content\/uploads\/2023\/10\/IMG_0868-2048x1536.jpeg 2048w\" sizes=\"(max-width: 1024px) 100vw, 1024px\" \/><\/figure>\n\n\n\n<figure class=\"wp-block-image size-large\"><img decoding=\"async\" width=\"1024\" height=\"768\" data-id=\"14341\" src=\"https:\/\/colegiomontserrat.org\/wp-content\/uploads\/2023\/06\/IMG_8869-1024x768.jpeg\" alt=\"\" class=\"wp-image-14341\" srcset=\"https:\/\/colegiomontserrat.org\/wp-content\/uploads\/2023\/06\/IMG_8869-1024x768.jpeg 1024w, https:\/\/colegiomontserrat.org\/wp-content\/uploads\/2023\/06\/IMG_8869-300x225.jpeg 300w, https:\/\/colegiomontserrat.org\/wp-content\/uploads\/2023\/06\/IMG_8869-768x576.jpeg 768w, https:\/\/colegiomontserrat.org\/wp-content\/uploads\/2023\/06\/IMG_8869-1536x1152.jpeg 1536w, https:\/\/colegiomontserrat.org\/wp-content\/uploads\/2023\/06\/IMG_8869-2048x1536.jpeg 2048w\" sizes=\"(max-width: 1024px) 100vw, 1024px\" \/><\/figure>\n<\/figure>\n","protected":false},"excerpt":{"rendered":"<p>La educaci\u00f3n primaria es la etapa del sistema educativo que sigue a la educaci\u00f3n infantil y abarca generalmente desde los seis hasta los doce a\u00f1os. Es un per\u00edodo crucial en el desarrollo acad\u00e9mico, social y emocional de los ni\u00f1os, donde se consolidan habilidades b\u00e1sicas y se fomenta su curiosidad natural. Las aulas de primaria son [&hellip;]<\/p>\n","protected":false},"author":1,"featured_media":0,"parent":0,"menu_order":0,"comment_status":"closed","ping_status":"closed","template":"","meta":{"footnotes":""},"class_list":["post-16069","page","type-page","status-publish","hentry"],"_links":{"self":[{"href":"https:\/\/colegiomontserrat.org\/wp-json\/wp\/v2\/pages\/16069","targetHints":{"allow":["GET"]}}],"collection":[{"href":"https:\/\/colegiomontserrat.org\/wp-json\/wp\/v2\/pages"}],"about":[{"href":"https:\/\/colegiomontserrat.org\/wp-json\/wp\/v2\/types\/page"}],"author":[{"embeddable":true,"href":"https:\/\/colegiomontserrat.org\/wp-json\/wp\/v2\/users\/1"}],"replies":[{"embeddable":true,"href":"https:\/\/colegiomontserrat.org\/wp-json\/wp\/v2\/comments?post=16069"}],"version-history":[{"count":2,"href":"https:\/\/colegiomontserrat.org\/wp-json\/wp\/v2\/pages\/16069\/revisions"}],"predecessor-version":[{"id":16556,"href":"https:\/\/colegiomontserrat.org\/wp-json\/wp\/v2\/pages\/16069\/revisions\/16556"}],"wp:attachment":[{"href":"https:\/\/colegiomontserrat.org\/wp-json\/wp\/v2\/media?parent=16069"}],"curies":[{"name":"wp","href":"https:\/\/api.w.org\/{rel}","templated":true}]}}