{"id":16075,"date":"2025-03-10T19:11:55","date_gmt":"2025-03-10T18:11:55","guid":{"rendered":"https:\/\/colegiomontserrat.org\/?page_id=16075"},"modified":"2025-03-10T19:11:56","modified_gmt":"2025-03-10T18:11:56","slug":"orientacion-educativa-y-psicopedagogica","status":"publish","type":"page","link":"https:\/\/colegiomontserrat.org\/orientacion-educativa-y-psicopedagogica\/","title":{"rendered":"Orientaci\u00f3n educativa y psicopedag\u00f3gica"},"content":{"rendered":"\n<p>En el Centro contamos con la colaboraci\u00f3n y el apoyo de una Orientadora de Infantil-primaria y una Orientadora de Secundaria. Dichas orientadoras atienden a la comunidad educativa desde varias vertientes y siempre en coordinaci\u00f3n con el profesorado y equipo directivo del Centro.<\/p>\n\n\n\n<p>Las funciones del&nbsp;<em>Orientador<\/em>&nbsp;est\u00e1n centradas en la atenci\u00f3n al alumnado con necesidades educativas especiales y el asesoramiento a sus familias. Tambi\u00e9n asesora a otras familias del centro proporcionando orientaciones familiares, pedag\u00f3gicas, de recurso, pautas y materiales para trabajar en el aula y\/o en casa.<\/p>\n\n\n\n<p>Adem\u00e1s, asesora al profesorado en cuestiones de orientaci\u00f3n educativa y psicopedag\u00f3gica y les pone en contacto con otras asociaciones u organismos que ayudar\u00e1n a ofrecer a nuestros\/as alumnos\/as una respuesta educativa lo m\u00e1s acertada posible y que responda a sus necesidades.<\/p>\n","protected":false},"excerpt":{"rendered":"<p>En el Centro contamos con la colaboraci\u00f3n y el apoyo de una Orientadora de Infantil-primaria y una Orientadora de Secundaria. Dichas orientadoras atienden a la comunidad educativa desde varias vertientes y siempre en coordinaci\u00f3n con el profesorado y equipo directivo del Centro. Las funciones del&nbsp;Orientador&nbsp;est\u00e1n centradas en la atenci\u00f3n al alumnado con necesidades educativas especiales [&hellip;]<\/p>\n","protected":false},"author":1,"featured_media":0,"parent":0,"menu_order":0,"comment_status":"closed","ping_status":"closed","template":"","meta":{"footnotes":""},"class_list":["post-16075","page","type-page","status-publish","hentry"],"_links":{"self":[{"href":"https:\/\/colegiomontserrat.org\/wp-json\/wp\/v2\/pages\/16075","targetHints":{"allow":["GET"]}}],"collection":[{"href":"https:\/\/colegiomontserrat.org\/wp-json\/wp\/v2\/pages"}],"about":[{"href":"https:\/\/colegiomontserrat.org\/wp-json\/wp\/v2\/types\/page"}],"author":[{"embeddable":true,"href":"https:\/\/colegiomontserrat.org\/wp-json\/wp\/v2\/users\/1"}],"replies":[{"embeddable":true,"href":"https:\/\/colegiomontserrat.org\/wp-json\/wp\/v2\/comments?post=16075"}],"version-history":[{"count":1,"href":"https:\/\/colegiomontserrat.org\/wp-json\/wp\/v2\/pages\/16075\/revisions"}],"predecessor-version":[{"id":16076,"href":"https:\/\/colegiomontserrat.org\/wp-json\/wp\/v2\/pages\/16075\/revisions\/16076"}],"wp:attachment":[{"href":"https:\/\/colegiomontserrat.org\/wp-json\/wp\/v2\/media?parent=16075"}],"curies":[{"name":"wp","href":"https:\/\/api.w.org\/{rel}","templated":true}]}}