{"id":16092,"date":"2025-03-18T18:26:51","date_gmt":"2025-03-18T17:26:51","guid":{"rendered":"https:\/\/colegiomontserrat.org\/?page_id=16092"},"modified":"2025-03-18T18:26:52","modified_gmt":"2025-03-18T17:26:52","slug":"buzon-digital-de-denuncias","status":"publish","type":"page","link":"https:\/\/colegiomontserrat.org\/buzon-digital-de-denuncias\/","title":{"rendered":"Buz\u00f3n digital de denuncias"},"content":{"rendered":"\n<p>Se trata de un Buz\u00f3n an\u00f3nimo gestionado por la Unidad  de convivencia y contra el acoso escolar a trav\u00e9s de la plataforma EducaMadrid.<br \/>El QR llevar\u00e1 a un formulario WEB, con un captcha, que tendr\u00e1 este texto:<br \/>\u00abEste buz\u00f3n es an\u00f3nimo y garantiza la confidencialidad de tus datos. Puedes comunicar a tu centro educativo cualquier suceso, hecho o sospecha que creas que se debe conocer. Selecciona tu centro, rellena el campo de texto y pulsa en \u00abEnviar\u00bb.<br \/>Autom\u00e1ticamente la Unidad de convivencia y contra el acoso escolar recibir\u00e1 el mensaje y podr\u00e1 actuar en consecuencia. <\/p>\n\n\n\n<p>Incluir\u00e1 dos campos:<\/p>\n\n\n\n<ul class=\"wp-block-list\">\n<li>Un desplegable con el listado de centros educativos.<\/li>\n\n\n\n<li>Un cuadro de texto en el que el alumno podr\u00e1 escribir.<\/li>\n<\/ul>\n\n\n\n<p>Finalmente tendr\u00e1 un bot\u00f3n \u00abEnviar\u00bb y el mensaje se recibir\u00e1 en la cuenta:<br \/>buzonfueradrogas@educa.madrid.org<\/p>\n\n\n<a href=\"https:\/\/colegiomontserrat.org\/wp-content\/uploads\/2025\/03\/QR_Buzon.pdf\" class=\"pdfemb-viewer\" style=\"\" data-width=\"max\" data-height=\"max\" data-toolbar=\"bottom\" data-toolbar-fixed=\"off\">QR_Buzon<\/a>\n\n\n<p><\/p>\n","protected":false},"excerpt":{"rendered":"<p>Se trata de un Buz\u00f3n an\u00f3nimo gestionado por la Unidad de convivencia y contra el acoso escolar a trav\u00e9s de la plataforma EducaMadrid.El QR llevar\u00e1 a un formulario WEB, con un captcha, que tendr\u00e1 este texto:\u00abEste buz\u00f3n es an\u00f3nimo y garantiza la confidencialidad de tus datos. Puedes comunicar a tu centro educativo cualquier suceso, hecho [&hellip;]<\/p>\n","protected":false},"author":1,"featured_media":0,"parent":0,"menu_order":0,"comment_status":"closed","ping_status":"closed","template":"","meta":{"footnotes":""},"class_list":["post-16092","page","type-page","status-publish","hentry"],"_links":{"self":[{"href":"https:\/\/colegiomontserrat.org\/wp-json\/wp\/v2\/pages\/16092","targetHints":{"allow":["GET"]}}],"collection":[{"href":"https:\/\/colegiomontserrat.org\/wp-json\/wp\/v2\/pages"}],"about":[{"href":"https:\/\/colegiomontserrat.org\/wp-json\/wp\/v2\/types\/page"}],"author":[{"embeddable":true,"href":"https:\/\/colegiomontserrat.org\/wp-json\/wp\/v2\/users\/1"}],"replies":[{"embeddable":true,"href":"https:\/\/colegiomontserrat.org\/wp-json\/wp\/v2\/comments?post=16092"}],"version-history":[{"count":1,"href":"https:\/\/colegiomontserrat.org\/wp-json\/wp\/v2\/pages\/16092\/revisions"}],"predecessor-version":[{"id":16094,"href":"https:\/\/colegiomontserrat.org\/wp-json\/wp\/v2\/pages\/16092\/revisions\/16094"}],"wp:attachment":[{"href":"https:\/\/colegiomontserrat.org\/wp-json\/wp\/v2\/media?parent=16092"}],"curies":[{"name":"wp","href":"https:\/\/api.w.org\/{rel}","templated":true}]}}