{"id":17,"date":"2011-02-28T09:58:54","date_gmt":"2011-02-28T08:58:54","guid":{"rendered":"http:\/\/www.colegiomontserrat.org\/?page_id=17"},"modified":"2026-04-13T18:28:58","modified_gmt":"2026-04-13T16:28:58","slug":"que-ofertamos","status":"publish","type":"page","link":"https:\/\/colegiomontserrat.org\/","title":{"rendered":"\u00bfQu\u00e9 nos define?"},"content":{"rendered":"\n<blockquote class=\"wp-block-quote is-layout-flow wp-block-quote-is-layout-flow\">\n<p class=\"has-text-align-left\">Un equipo de maestros\/as estable, din\u00e1mico y comprometido con un proyecto educativo.<\/p>\n\n\n\n<p class=\"has-text-align-left\">Facilidad de comunicaci\u00f3n entre el profesorado y la familia.<\/p>\n\n\n\n<p class=\"has-text-align-left\">Seguimiento personalizado del alumnado.<\/p>\n\n\n\n<p class=\"has-text-align-left\">Un m\u00e9todo de trabajo que fomenta la reflexi\u00f3n y la responsabilidad.<\/p>\n\n\n\n<p class=\"has-text-align-left\">Desarrollo de actuaciones educativas de \u00e9xito dentro del marco de las <strong>Comunidades de aprendizaje<\/strong>.<\/p>\n\n\n\n<p class=\"has-text-align-left\">Educaci\u00f3n en valores como el respeto a la diversidad y a uno mismo, la solidaridad, el esp\u00edritu cr\u00edtico, la autonom\u00eda y la exigencia personal.<\/p>\n\n\n\n<p class=\"has-text-align-left\">Un marco de convivencia potenciado a trav\u00e9s de la participaci\u00f3n del alumnado.<\/p>\n\n\n\n<p class=\"has-text-align-left\">Inmersi\u00f3n en proyectos educativos sensibles a los cambios sociales, culturales y tecnol\u00f3gicos.<\/p>\n<\/blockquote>\n\n\n\n<figure class=\"wp-block-gallery has-nested-images columns-2 is-cropped wp-block-gallery-1 is-layout-flex wp-block-gallery-is-layout-flex\">\n<figure class=\"wp-block-image size-large\"><img loading=\"lazy\" decoding=\"async\" width=\"1024\" height=\"768\" data-id=\"2950\" src=\"https:\/\/colegiomontserrat.org\/wp-content\/uploads\/2016\/05\/IMG_20160509_104509-1024x768.jpg\" alt=\"\" class=\"wp-image-2950\" srcset=\"https:\/\/colegiomontserrat.org\/wp-content\/uploads\/2016\/05\/IMG_20160509_104509-1024x768.jpg 1024w, https:\/\/colegiomontserrat.org\/wp-content\/uploads\/2016\/05\/IMG_20160509_104509-300x225.jpg 300w, https:\/\/colegiomontserrat.org\/wp-content\/uploads\/2016\/05\/IMG_20160509_104509-768x576.jpg 768w\" sizes=\"auto, (max-width: 1024px) 100vw, 1024px\" \/><\/figure>\n\n\n\n<figure class=\"wp-block-image size-large\"><img loading=\"lazy\" decoding=\"async\" width=\"1024\" height=\"768\" data-id=\"2914\" src=\"https:\/\/colegiomontserrat.org\/wp-content\/uploads\/2016\/05\/P1030882-1024x768.jpg\" alt=\"\" class=\"wp-image-2914\" srcset=\"https:\/\/colegiomontserrat.org\/wp-content\/uploads\/2016\/05\/P1030882-1024x768.jpg 1024w, https:\/\/colegiomontserrat.org\/wp-content\/uploads\/2016\/05\/P1030882-300x225.jpg 300w, https:\/\/colegiomontserrat.org\/wp-content\/uploads\/2016\/05\/P1030882-768x576.jpg 768w\" sizes=\"auto, (max-width: 1024px) 100vw, 1024px\" \/><\/figure>\n\n\n\n<figure class=\"wp-block-image size-large\"><img loading=\"lazy\" decoding=\"async\" width=\"1024\" height=\"575\" data-id=\"2811\" src=\"https:\/\/colegiomontserrat.org\/wp-content\/uploads\/2016\/03\/IMG_88471-1024x575.jpg\" alt=\"\" class=\"wp-image-2811\" srcset=\"https:\/\/colegiomontserrat.org\/wp-content\/uploads\/2016\/03\/IMG_88471-1024x575.jpg 1024w, https:\/\/colegiomontserrat.org\/wp-content\/uploads\/2016\/03\/IMG_88471-300x169.jpg 300w, https:\/\/colegiomontserrat.org\/wp-content\/uploads\/2016\/03\/IMG_88471-768x431.jpg 768w, https:\/\/colegiomontserrat.org\/wp-content\/uploads\/2016\/03\/IMG_88471.jpg 1280w\" sizes=\"auto, (max-width: 1024px) 100vw, 1024px\" \/><\/figure>\n\n\n\n<figure class=\"wp-block-image size-large\"><img loading=\"lazy\" decoding=\"async\" width=\"1024\" height=\"576\" data-id=\"2770\" src=\"https:\/\/colegiomontserrat.org\/wp-content\/uploads\/2016\/03\/IMG-20160301-WA00081-1024x576.jpg\" alt=\"\" class=\"wp-image-2770\" srcset=\"https:\/\/colegiomontserrat.org\/wp-content\/uploads\/2016\/03\/IMG-20160301-WA00081-1024x576.jpg 1024w, https:\/\/colegiomontserrat.org\/wp-content\/uploads\/2016\/03\/IMG-20160301-WA00081-300x169.jpg 300w, https:\/\/colegiomontserrat.org\/wp-content\/uploads\/2016\/03\/IMG-20160301-WA00081-768x432.jpg 768w, https:\/\/colegiomontserrat.org\/wp-content\/uploads\/2016\/03\/IMG-20160301-WA00081.jpg 1600w\" sizes=\"auto, (max-width: 1024px) 100vw, 1024px\" \/><\/figure>\n\n\n\n<figure class=\"wp-block-image size-large\"><img loading=\"lazy\" decoding=\"async\" width=\"1024\" height=\"768\" data-id=\"3198\" src=\"https:\/\/colegiomontserrat.org\/wp-content\/uploads\/2016\/11\/photo_2016-11-01_18-10-41-1024x768.jpg\" alt=\"\" class=\"wp-image-3198\"\/><\/figure>\n\n\n\n<figure class=\"wp-block-image size-large\"><img loading=\"lazy\" decoding=\"async\" width=\"1024\" height=\"759\" data-id=\"3162\" src=\"https:\/\/colegiomontserrat.org\/wp-content\/uploads\/2016\/10\/IMG_20161011_134207-1024x759.jpg\" alt=\"\" class=\"wp-image-3162\" srcset=\"https:\/\/colegiomontserrat.org\/wp-content\/uploads\/2016\/10\/IMG_20161011_134207-1024x759.jpg 1024w, https:\/\/colegiomontserrat.org\/wp-content\/uploads\/2016\/10\/IMG_20161011_134207-300x222.jpg 300w, https:\/\/colegiomontserrat.org\/wp-content\/uploads\/2016\/10\/IMG_20161011_134207-768x569.jpg 768w\" sizes=\"auto, (max-width: 1024px) 100vw, 1024px\" \/><\/figure>\n<\/figure>\n\n\n<div class=\"wp-block-image\">\n<figure class=\"aligncenter\"><img loading=\"lazy\" decoding=\"async\" width=\"300\" height=\"60\" src=\"http:\/\/colegiomontserrat.org\/wp-content\/uploads\/2017\/04\/parche-300x60.jpg\" alt=\"\" class=\"wp-image-3410\" srcset=\"https:\/\/colegiomontserrat.org\/wp-content\/uploads\/2017\/04\/parche-300x60.jpg 300w, https:\/\/colegiomontserrat.org\/wp-content\/uploads\/2017\/04\/parche-768x154.jpg 768w, https:\/\/colegiomontserrat.org\/wp-content\/uploads\/2017\/04\/parche-1024x205.jpg 1024w, https:\/\/colegiomontserrat.org\/wp-content\/uploads\/2017\/04\/parche.jpg 1400w\" sizes=\"auto, (max-width: 300px) 100vw, 300px\" \/><\/figure>\n<\/div>\n\n\n<p><\/p>\n\n\n\n<p><\/p>\n","protected":false},"excerpt":{"rendered":"<p>Un equipo de maestros\/as estable, din\u00e1mico y comprometido con un proyecto educativo. Facilidad de comunicaci\u00f3n entre el profesorado y la familia. Seguimiento personalizado del alumnado. Un m\u00e9todo de trabajo que fomenta la reflexi\u00f3n y la responsabilidad. Desarrollo de actuaciones educativas de \u00e9xito dentro del marco de las Comunidades de aprendizaje. Educaci\u00f3n en valores como el [&hellip;]<\/p>\n","protected":false},"author":1,"featured_media":0,"parent":0,"menu_order":1,"comment_status":"closed","ping_status":"closed","template":"template-full-width.php","meta":{"footnotes":""},"class_list":["post-17","page","type-page","status-publish","hentry"],"_links":{"self":[{"href":"https:\/\/colegiomontserrat.org\/index.php?rest_route=\/wp\/v2\/pages\/17","targetHints":{"allow":["GET"]}}],"collection":[{"href":"https:\/\/colegiomontserrat.org\/index.php?rest_route=\/wp\/v2\/pages"}],"about":[{"href":"https:\/\/colegiomontserrat.org\/index.php?rest_route=\/wp\/v2\/types\/page"}],"author":[{"embeddable":true,"href":"https:\/\/colegiomontserrat.org\/index.php?rest_route=\/wp\/v2\/users\/1"}],"replies":[{"embeddable":true,"href":"https:\/\/colegiomontserrat.org\/index.php?rest_route=%2Fwp%2Fv2%2Fcomments&post=17"}],"version-history":[{"count":49,"href":"https:\/\/colegiomontserrat.org\/index.php?rest_route=\/wp\/v2\/pages\/17\/revisions"}],"predecessor-version":[{"id":16641,"href":"https:\/\/colegiomontserrat.org\/index.php?rest_route=\/wp\/v2\/pages\/17\/revisions\/16641"}],"wp:attachment":[{"href":"https:\/\/colegiomontserrat.org\/index.php?rest_route=%2Fwp%2Fv2%2Fmedia&parent=17"}],"curies":[{"name":"wp","href":"https:\/\/api.w.org\/{rel}","templated":true}]}}