{"id":3521,"date":"2017-04-26T14:30:22","date_gmt":"2017-04-26T12:30:22","guid":{"rendered":"http:\/\/colegiomontserrat.org\/?page_id=3521"},"modified":"2026-02-09T18:33:10","modified_gmt":"2026-02-09T17:33:10","slug":"comedor","status":"publish","type":"page","link":"https:\/\/colegiomontserrat.org\/servicios\/comedor\/","title":{"rendered":"Comedor"},"content":{"rendered":"<p><img decoding=\"async\" class=\"wp-image-3537 size-thumbnail alignright\" src=\"http:\/\/colegiomontserrat.org\/wp-content\/uploads\/2017\/04\/comedor-e1493280381290-150x150.jpg\" alt=\"\" width=\"150\" height=\"150\" \/>El comedor escolar comenzar\u00e1 el mismo d\u00eda\u00a0 del inicio del curso escolar en horario de 13:00 a 15:00 horas.<\/p>\n<p><strong>Disponemos de cocina propia y un personal con amplia experiencia<\/strong>.<\/p>\n<p>Es un servicio complementario de car\u00e1cter educativo que se ofrece en el centro, que adem\u00e1s de cumplir la funci\u00f3n b\u00e1sica de alimentaci\u00f3n y nutrici\u00f3n, desempe\u00f1a una destacada funci\u00f3n social y educativa.<\/p>\n<p>Los men\u00fas son elaborados por el equipo de comedor y supervisados por una empresa externa ( CONSAL) que verifica la idoneidad de los mismos. El centro ofrece men\u00fas adaptados a alergias e intolerancias alimentarias, diagnosticadas por especialistas, y que, mediante el correspondiente certificado m\u00e9dico, acredite la imposibilidad de ingerir determinados alimentos que perjudiquen la salud. <a href=\"https:\/\/colegiomontserrat.org\/?p=3592\">Puedes consultar el men\u00fa de cada mes aqu\u00ed<\/a>.<\/p>\n<p>Los interesados en asistir al Servicio de Comedor Escolar, pueden\u00a0 solicitar el formulario en secretar\u00eda para su entrega, con fecha l\u00edmite el d\u00eda antes de empezar a utilizar este servicio.<\/p>\n<p>Al hacer entrega de esta inscripci\u00f3n acepto las normas de funcionamiento del comedor escolar que rigen en el centro, incluidas al final de esta p\u00e1gina.<\/p>\n<p>El precio del Comedor se comunicar\u00e1 cuando se disponga del Calendario Escolar. El ingreso se efectuar\u00e1 en los primeros 5 d\u00edas del mes correspondiente.<\/p>\n<h1>Ampliaci\u00f3n de horario: Desayuno<\/h1>\n<p>El horario ser\u00e1:<br \/>&#8211; Desde las\u00a0 8 hasta las\u00a0 9 de la ma\u00f1ana en Septiembre y Junio.<br \/>&#8211; Desde las\u00a0 8 hasta las 9,30 de la ma\u00f1ana de Octubre a Mayo.<\/p>\n<h1>Ampliaci\u00f3n de horario: Merienda<\/h1>\n<p>Siempre y cuando exista demanda suficiente, el horario ser\u00e1:<br \/>&#8211; Infantil: de 16:20 a 17:30 de Octubre a Mayo.<br \/>&#8211; Primaria: de 16:30 a 17:30 de Octubre\u00a0 a Mayo.<\/p>\n<p>El coste del servicio ser\u00e1 prorrateado durante todo el curso escolar y se abonar\u00e1 en 8 cuotas de Octubre a Mayo dentro de los 5 primeros d\u00edas del mes.<\/p>\n<h2>Forma de pago de los servicios de desayuno, merienda y\/o comedor:<\/h2>\n<p>a) Domiciliaci\u00f3n bancaria.<br \/>b) Transferencia mensual.<br \/>c) Transferencia fija mensual de Octubre a Mayo que ordena el interesado en su banco.<br \/>d) Ingreso por el cajero.<\/p>\n<p>Al realizar cualquier ingreso os ten\u00e9is que asegurar que rellen\u00e1is correctamente los siguientes datos:<\/p>\n<p><strong>&#8211; BENEFICIARIO: Colegio Montserrat<br \/>&#8211; CONCEPTO: NOMBRE del ALUMNO, curso y mes.<\/strong><\/p>\n<p><strong>Deb\u00e9is SEGUIR LAS INDICACIONES anteriores PARA PODER IDENTIFICAR a qui\u00e9n corresponde el ingreso.<\/strong> CONSERVAR el resguardo bancario. NO TRAER al colegio el resguardo, \u00fanicamente en caso de que se pida porque sea necesaria su comprobaci\u00f3n<\/p>\n<h2>Inscripci\u00f3n de servicios complementarios<\/h2>\n<p>Periodo de Inscripci\u00f3n: Antes del inicio del curso escolar entregando un formulario en secretar\u00eda.<\/p>\n<p>El formulario y la lista de precios se pueden conseguir en secretar\u00eda o lo pod\u00e9is descargar\u00a0 pinchando en el siguiente enlace. <\/p>\n\n\n<div data-wp-interactive=\"core\/file\" class=\"wp-block-file\"><object data-wp-bind--hidden=\"!state.hasPdfPreview\" hidden class=\"wp-block-file__embed\" data=\"https:\/\/colegiomontserrat.org\/wp-content\/uploads\/2026\/02\/ACTIVIDADES-COMPLEMENTARIAS-25_26.pdf\" type=\"application\/pdf\" style=\"width:100%;height:200px\" aria-label=\"Incrustado de ACTIVIDADES COMPLEMENTARIAS 25_26.\"><\/object><a id=\"wp-block-file--media-c3433443-7ced-448c-97c0-e33642bda0b9\" href=\"https:\/\/colegiomontserrat.org\/wp-content\/uploads\/2026\/02\/ACTIVIDADES-COMPLEMENTARIAS-25_26.pdf\">ACTIVIDADES COMPLEMENTARIAS 25_26<\/a><a href=\"https:\/\/colegiomontserrat.org\/wp-content\/uploads\/2026\/02\/ACTIVIDADES-COMPLEMENTARIAS-25_26.pdf\" class=\"wp-block-file__button wp-element-button\" download aria-describedby=\"wp-block-file--media-c3433443-7ced-448c-97c0-e33642bda0b9\">Descarga<\/a><\/div>\n\n\n\n<p><\/p>\n\n\n\n<p><\/p>\n\n\n\n<p><\/p>\n\n\n\n<p><\/p>\n\n\n\n<p style=\"font-size:29px\"><strong>Normas del comedor<\/strong><\/p>\n\n\n<a href=\"https:\/\/colegiomontserrat.org\/wp-content\/uploads\/2026\/02\/NORMAS-DE-FUNCIONAMIENTO-DEL-COMEDOR-ESCOLAR-25_26.pdf\" class=\"pdfemb-viewer\" style=\"\" data-width=\"max\" data-height=\"max\" data-toolbar=\"bottom\" data-toolbar-fixed=\"off\">NORMAS-DE-FUNCIONAMIENTO-DEL-COMEDOR-ESCOLAR-25_26<\/a>","protected":false},"excerpt":{"rendered":"<p>El comedor escolar comenzar\u00e1 el mismo d\u00eda\u00a0 del inicio del curso escolar en horario de 13:00 a 15:00 horas. Disponemos de cocina propia y un personal con amplia experiencia. Es un servicio complementario de car\u00e1cter educativo que se ofrece en el centro, que adem\u00e1s de cumplir la funci\u00f3n b\u00e1sica de alimentaci\u00f3n y nutrici\u00f3n, desempe\u00f1a una [&hellip;]<\/p>\n","protected":false},"author":1,"featured_media":0,"parent":3526,"menu_order":0,"comment_status":"closed","ping_status":"closed","template":"template-full-width.php","meta":{"footnotes":""},"class_list":["post-3521","page","type-page","status-publish","hentry"],"_links":{"self":[{"href":"https:\/\/colegiomontserrat.org\/wp-json\/wp\/v2\/pages\/3521","targetHints":{"allow":["GET"]}}],"collection":[{"href":"https:\/\/colegiomontserrat.org\/wp-json\/wp\/v2\/pages"}],"about":[{"href":"https:\/\/colegiomontserrat.org\/wp-json\/wp\/v2\/types\/page"}],"author":[{"embeddable":true,"href":"https:\/\/colegiomontserrat.org\/wp-json\/wp\/v2\/users\/1"}],"replies":[{"embeddable":true,"href":"https:\/\/colegiomontserrat.org\/wp-json\/wp\/v2\/comments?post=3521"}],"version-history":[{"count":35,"href":"https:\/\/colegiomontserrat.org\/wp-json\/wp\/v2\/pages\/3521\/revisions"}],"predecessor-version":[{"id":16437,"href":"https:\/\/colegiomontserrat.org\/wp-json\/wp\/v2\/pages\/3521\/revisions\/16437"}],"up":[{"embeddable":true,"href":"https:\/\/colegiomontserrat.org\/wp-json\/wp\/v2\/pages\/3526"}],"wp:attachment":[{"href":"https:\/\/colegiomontserrat.org\/wp-json\/wp\/v2\/media?parent=3521"}],"curies":[{"name":"wp","href":"https:\/\/api.w.org\/{rel}","templated":true}]}}