{"id":3529,"date":"2017-04-26T14:43:25","date_gmt":"2017-04-26T12:43:25","guid":{"rendered":"http:\/\/colegiomontserrat.org\/?page_id=3529"},"modified":"2020-04-20T17:28:55","modified_gmt":"2020-04-20T15:28:55","slug":"aulas-virtuales","status":"publish","type":"page","link":"https:\/\/colegiomontserrat.org\/?page_id=3529","title":{"rendered":"Aulas virtuales"},"content":{"rendered":"<p>Son aulas a las que se pueden acceder a trav\u00e9s de internet con el nombre de usuario y contrase\u00f1a de educamadrid.<\/p>\n<p>Utilizadas en Educaci\u00f3n Secundaria, ofrecen distintas posibilidades\u00a0 a la hora de trabajar, permitiendo el acceso a contenidos digitales y desde cualquier dispositivo. En ocasiones, son un sustituto del libro de texto.<\/p>\n<p>Actualmente se est\u00e1n usando en el \u00e1rea de tecnolog\u00eda y \u00e1reas de ciencias en ESO.<\/p>\n<p style=\"text-align: center;\"><a href=\"https:\/\/aulavirtual33.educa.madrid.org\/cc.obrasonsmontserrat.madrid\/login\/index.php\" target=\"_blank\" rel=\"noopener noreferrer\"><img loading=\"lazy\" decoding=\"async\" class=\"aligncenter size-medium wp-image-3555\" src=\"https:\/\/colegiomontserrat.org\/wp-content\/uploads\/2017\/04\/Aulas_virtuales-300x85.jpg\" alt=\"Acceso a aulas virtuales\" width=\"300\" height=\"85\" srcset=\"https:\/\/colegiomontserrat.org\/wp-content\/uploads\/2017\/04\/Aulas_virtuales-300x85.jpg 300w, https:\/\/colegiomontserrat.org\/wp-content\/uploads\/2017\/04\/Aulas_virtuales.jpg 353w\" sizes=\"auto, (max-width: 300px) 100vw, 300px\" \/><\/a><\/p>\n<p style=\"text-align: center;\">Acceso a las aulas virtuales<\/p>\n","protected":false},"excerpt":{"rendered":"<p>Son aulas a las que se pueden acceder a trav\u00e9s de internet con el nombre de usuario y contrase\u00f1a de educamadrid. Utilizadas en Educaci\u00f3n Secundaria, ofrecen distintas posibilidades\u00a0 a la hora de trabajar, permitiendo el acceso a contenidos digitales y desde cualquier dispositivo. En ocasiones, son un sustituto del libro de texto. Actualmente se est\u00e1n [&hellip;]<\/p>\n","protected":false},"author":1,"featured_media":0,"parent":3526,"menu_order":0,"comment_status":"closed","ping_status":"closed","template":"template-full-width.php","meta":{"footnotes":""},"class_list":["post-3529","page","type-page","status-publish","hentry"],"_links":{"self":[{"href":"https:\/\/colegiomontserrat.org\/index.php?rest_route=\/wp\/v2\/pages\/3529","targetHints":{"allow":["GET"]}}],"collection":[{"href":"https:\/\/colegiomontserrat.org\/index.php?rest_route=\/wp\/v2\/pages"}],"about":[{"href":"https:\/\/colegiomontserrat.org\/index.php?rest_route=\/wp\/v2\/types\/page"}],"author":[{"embeddable":true,"href":"https:\/\/colegiomontserrat.org\/index.php?rest_route=\/wp\/v2\/users\/1"}],"replies":[{"embeddable":true,"href":"https:\/\/colegiomontserrat.org\/index.php?rest_route=%2Fwp%2Fv2%2Fcomments&post=3529"}],"version-history":[{"count":9,"href":"https:\/\/colegiomontserrat.org\/index.php?rest_route=\/wp\/v2\/pages\/3529\/revisions"}],"predecessor-version":[{"id":5406,"href":"https:\/\/colegiomontserrat.org\/index.php?rest_route=\/wp\/v2\/pages\/3529\/revisions\/5406"}],"up":[{"embeddable":true,"href":"https:\/\/colegiomontserrat.org\/index.php?rest_route=\/wp\/v2\/pages\/3526"}],"wp:attachment":[{"href":"https:\/\/colegiomontserrat.org\/index.php?rest_route=%2Fwp%2Fv2%2Fmedia&parent=3529"}],"curies":[{"name":"wp","href":"https:\/\/api.w.org\/{rel}","templated":true}]}}