{"id":3632,"date":"2017-06-14T14:04:02","date_gmt":"2017-06-14T12:04:02","guid":{"rendered":"https:\/\/colegiomontserrat.org\/?page_id=3632"},"modified":"2020-05-17T15:24:16","modified_gmt":"2020-05-17T13:24:16","slug":"aulas-tea","status":"publish","type":"page","link":"https:\/\/colegiomontserrat.org\/?page_id=3632","title":{"rendered":"Aulas TEA"},"content":{"rendered":"<p><strong>Nuestro centro cuenta con este proyecto de alumnos TEA (Trastorno del Espectro Autista).<\/strong><br \/>\n<strong>El aula de Infantil-Primaria se inici\u00f3 en el curso 2006\/2007.<\/strong><br \/>\n<strong>El aula de Secundaria se inici\u00f3 en el curso 2008\/2009<\/strong><\/p>\n<p>Este proyecto supone un trabajo hacia la inclusi\u00f3n no s\u00f3lo del alumnado TGD, sino tambi\u00e9n el conocimiento de estas necesidades educativas especiales por parte de toda la Comunidad Educativa.<br \/>\nEn la actualidad tenemos un aula de Infantil-Primaria llamada Veo-Veo y otra de Secundaria llamada Terabithia.<\/p>\n<p>Los alumnos que acuden a nuestro centro, est\u00e1n adscritos al aula donde les corresponde por su nivel llamado aula de referencia. Pasar\u00e1n m\u00e1s o menos tiempo, dependiendo de las necesidades que necesite.<br \/>\nTodo esto se traduce que desde que empieza en nuestro centro, pasar\u00e1 mucho tiempo en el aula de apoyo hasta la inclusi\u00f3n con los compa\u00f1eros de forma casi permanente.<\/p>\n<p><strong>METODOLOG\u00cdA.<\/strong><\/p>\n<p style=\"padding-left: 30px;\">-Ambiente predecible (organizado y estructurado) y anticipable (con actividades diarias bien establecidas, indicando los cambios de actividad.<br \/>\n-Uso de pictogramas y agendas. Tanto en cuadernos como en pizarra de clase.<br \/>\n-Comunicaci\u00f3n diaria con familias, por medio de cuaderno familiar.<br \/>\n-Responder a cualquier intento de comunicaci\u00f3n del ni\u00f1o.<br \/>\n-Modelado de la conducta del alumno (ayudas f\u00edsicas, modelos de ayudas visuales, instrucciones directas, presencia de un adulto de referencia).<br \/>\n-Habilidades Sociales.<br \/>\n-Entrenamiento de t\u00e9cnicas de relajaci\u00f3n.<br \/>\n-Metodolog\u00eda espec\u00edfica para trabajar la inteligencia emocional: teatro, marionetas, disfraces\u2026<br \/>\n-Utilizaci\u00f3n del tiempo de recreo para la ense\u00f1anza y generalizaci\u00f3n de juegos en contexto natural.<br \/>\n-T\u00e9cnicas de modificaci\u00f3n de conducta y an\u00e1lisis funcional de los comportamientos (antecedentes, descripci\u00f3n de la conducta y consecuencias\u2026)<\/p>\n<p><strong>PROYECTO.<\/strong><\/p>\n<p>En el proyecto TEA se desarrolla:<\/p>\n<p>-Plan de acogida:<br \/>\nAdaptaci\u00f3n adecuada y progresiva al aula espec\u00edfica, a sus aulas de referencia y al centro.<br \/>\n-Proyecto cambio de etapas\/ciclos:<br \/>\nAdaptaci\u00f3n mediante actividades conjuntas y progresivas con los nuevos compa\u00f1eros en el \u00faltimo trimestre.<br \/>\n-Proyecto comedor:<br \/>\nCubrir necesidades que puedan necesitar los alumnos TEA. Intolerancia, compartir mesa, espacio\u2026<br \/>\nTodo esto con planificaci\u00f3n y anticipaci\u00f3n.<br \/>\n-Proyecto Patio:<br \/>\nConseguir que el alumno TEA participe en juegos e interaccione para una inserci\u00f3n social.<br \/>\n-Proyecto ingl\u00e9s:<br \/>\nInmersi\u00f3n en esta lengua con un profesor nativo. En peque\u00f1o grupo y dependiendo de sus capacidades.<\/p>\n<p><strong>ACTIVIDADES.<\/strong><\/p>\n<p style=\"padding-left: 30px;\">-Charlas formativas que cada PT de las aulas ofrece al claustro, sobre las caracter\u00edsticas del alumnado TEA, ofreciendo estrategias y pautas de actuaci\u00f3n.<br \/>\n-Reuniones trimestrales con las familias para la evaluaci\u00f3n, avances curriculares y espec\u00edficos de trabajo.<br \/>\n-Buscar actividades motivadoras y enriquecedoras para ellos. Ajedrez, psicodeporte\u2026<\/p>\n","protected":false},"excerpt":{"rendered":"<p>Nuestro centro cuenta con este proyecto de alumnos TEA (Trastorno del Espectro Autista). El aula de Infantil-Primaria se inici\u00f3 en el curso 2006\/2007. El aula de Secundaria se inici\u00f3 en el curso 2008\/2009 Este proyecto supone un trabajo hacia la inclusi\u00f3n no s\u00f3lo del alumnado TGD, sino tambi\u00e9n el conocimiento de estas necesidades educativas especiales [&hellip;]<\/p>\n","protected":false},"author":1,"featured_media":0,"parent":3509,"menu_order":0,"comment_status":"closed","ping_status":"closed","template":"template-full-width.php","meta":{"footnotes":""},"class_list":["post-3632","page","type-page","status-publish","hentry"],"_links":{"self":[{"href":"https:\/\/colegiomontserrat.org\/index.php?rest_route=\/wp\/v2\/pages\/3632","targetHints":{"allow":["GET"]}}],"collection":[{"href":"https:\/\/colegiomontserrat.org\/index.php?rest_route=\/wp\/v2\/pages"}],"about":[{"href":"https:\/\/colegiomontserrat.org\/index.php?rest_route=\/wp\/v2\/types\/page"}],"author":[{"embeddable":true,"href":"https:\/\/colegiomontserrat.org\/index.php?rest_route=\/wp\/v2\/users\/1"}],"replies":[{"embeddable":true,"href":"https:\/\/colegiomontserrat.org\/index.php?rest_route=%2Fwp%2Fv2%2Fcomments&post=3632"}],"version-history":[{"count":2,"href":"https:\/\/colegiomontserrat.org\/index.php?rest_route=\/wp\/v2\/pages\/3632\/revisions"}],"predecessor-version":[{"id":5465,"href":"https:\/\/colegiomontserrat.org\/index.php?rest_route=\/wp\/v2\/pages\/3632\/revisions\/5465"}],"up":[{"embeddable":true,"href":"https:\/\/colegiomontserrat.org\/index.php?rest_route=\/wp\/v2\/pages\/3509"}],"wp:attachment":[{"href":"https:\/\/colegiomontserrat.org\/index.php?rest_route=%2Fwp%2Fv2%2Fmedia&parent=3632"}],"curies":[{"name":"wp","href":"https:\/\/api.w.org\/{rel}","templated":true}]}}