{"id":3635,"date":"2017-06-14T14:14:33","date_gmt":"2017-06-14T12:14:33","guid":{"rendered":"https:\/\/colegiomontserrat.org\/?page_id=3635"},"modified":"2018-01-26T20:36:22","modified_gmt":"2018-01-26T19:36:22","slug":"departamento-de-cultura","status":"publish","type":"page","link":"https:\/\/colegiomontserrat.org\/el-colegio\/departamento-de-cultura\/","title":{"rendered":"Departamento de cultura"},"content":{"rendered":"<p>El Departamento de Cultura lo componen maestros representantes de las tres etapas del colegio, en continua coordinaci\u00f3n con el AMPA (imprescindible su implicaci\u00f3n tanto personal como econ\u00f3mica para el desarrollo de las actividades).<\/p>\n<p>Cada a\u00f1o se elige un tema cultural , que va a ser el hilo conductor de las actividades que se desarrollen a lo largo del curso (el cine, las olimpiadas, Shakespeare, Cervantes, el Cid, la M\u00fasica, la sostenibilidad, la interculturalidad\u2026)<\/p>\n<p><strong>Los objetivos que nos proponemos son:<\/strong><\/p>\n<p style=\"padding-left: 30px;\">&#8211; Hacer de nuestras celebraciones una se\u00f1a de identidad del centro.<img decoding=\"async\" class=\"alignright size-medium wp-image-3640\" src=\"https:\/\/colegiomontserrat.org\/wp-content\/uploads\/2017\/06\/Cultura-300x288.jpg\" alt=\"\" width=\"300\" height=\"288\" srcset=\"https:\/\/colegiomontserrat.org\/wp-content\/uploads\/2017\/06\/Cultura-300x288.jpg 300w, https:\/\/colegiomontserrat.org\/wp-content\/uploads\/2017\/06\/Cultura.jpg 482w\" sizes=\"(max-width: 300px) 100vw, 300px\" \/><br \/>\n&#8211; Globalizar de una manera motivadora todas las \u00e1reas del curr\u00edculo educativo, favoreciendo actividades que eval\u00faen las competencias b\u00e1sicas.<br \/>\n&#8211; Compartir momentos de uni\u00f3n de TODA la comunidad educativa (padres y madres, alumnos actuales y antiguos, personal docente y no docente del centro).<br \/>\n&#8211; Recordar fechas importantes por la transmisi\u00f3n de valores culturales que transmiten, tanto anuales ( d\u00eda de la Paz, d\u00eda de la mujer, d\u00eda de los Derechos humanos\u2026) como puntuales (Olimpiadas, centenario de la muerte de Cervantes, a\u00f1o mundial de la m\u00fasica\u2026)<\/p>\n<p><strong>Son actividades destacadas de este departamento:<\/strong><\/p>\n<p style=\"padding-left: 30px;\">&#8211; Celebraci\u00f3n del Oto\u00f1o: casta\u00f1as, personajes del oto\u00f1o, teatros, decoraci\u00f3n de pasillos desde el \u00e1rea de pl\u00e1stica, Halloween, concurso de tartas\u2026<br \/>\n&#8211; Navidad: Festival teatral, concurso de Christmas, decoraci\u00f3n, visita de los reyes magos\u2026<br \/>\n&#8211; Carnaval: disfraces, pasacalles, churros, batukada, photocall\u2026<br \/>\n&#8211; D\u00eda de la Paz: actividades de sensibilizaci\u00f3n (cuentos, cortos, poes\u00edas, carteler\u00eda..)<br \/>\n&#8211; D\u00eda de la mujer: actividades de sensibilizaci\u00f3n (indumentaria, historias de mujeres\u2026)<br \/>\n&#8211; D\u00eda del libro: concurso de narraciones, Expresarte, canap\u00e9s literarios, teatro\u2026<br \/>\n&#8211; Jornada cultural: gymkanas, exhibiciones deportivas, juegos de ciudad, tarde de juegos en familia, chiringuitos, concursos gastron\u00f3micos\u2026<\/p>\n","protected":false},"excerpt":{"rendered":"<p>El Departamento de Cultura lo componen maestros representantes de las tres etapas del colegio, en continua coordinaci\u00f3n con el AMPA (imprescindible su implicaci\u00f3n tanto personal como econ\u00f3mica para el desarrollo de las actividades). Cada a\u00f1o se elige un tema cultural , que va a ser el hilo conductor de las actividades que se desarrollen a [&hellip;]<\/p>\n","protected":false},"author":1,"featured_media":0,"parent":3509,"menu_order":0,"comment_status":"closed","ping_status":"closed","template":"template-full-width.php","meta":{"footnotes":""},"class_list":["post-3635","page","type-page","status-publish","hentry"],"_links":{"self":[{"href":"https:\/\/colegiomontserrat.org\/wp-json\/wp\/v2\/pages\/3635","targetHints":{"allow":["GET"]}}],"collection":[{"href":"https:\/\/colegiomontserrat.org\/wp-json\/wp\/v2\/pages"}],"about":[{"href":"https:\/\/colegiomontserrat.org\/wp-json\/wp\/v2\/types\/page"}],"author":[{"embeddable":true,"href":"https:\/\/colegiomontserrat.org\/wp-json\/wp\/v2\/users\/1"}],"replies":[{"embeddable":true,"href":"https:\/\/colegiomontserrat.org\/wp-json\/wp\/v2\/comments?post=3635"}],"version-history":[{"count":4,"href":"https:\/\/colegiomontserrat.org\/wp-json\/wp\/v2\/pages\/3635\/revisions"}],"predecessor-version":[{"id":3641,"href":"https:\/\/colegiomontserrat.org\/wp-json\/wp\/v2\/pages\/3635\/revisions\/3641"}],"up":[{"embeddable":true,"href":"https:\/\/colegiomontserrat.org\/wp-json\/wp\/v2\/pages\/3509"}],"wp:attachment":[{"href":"https:\/\/colegiomontserrat.org\/wp-json\/wp\/v2\/media?parent=3635"}],"curies":[{"name":"wp","href":"https:\/\/api.w.org\/{rel}","templated":true}]}}