{"id":4832,"date":"2019-10-15T18:18:32","date_gmt":"2019-10-15T16:18:32","guid":{"rendered":"https:\/\/colegiomontserrat.org\/?page_id=4832"},"modified":"2024-01-25T18:27:00","modified_gmt":"2024-01-25T17:27:00","slug":"extraescolar-de-ingles","status":"publish","type":"page","link":"https:\/\/colegiomontserrat.org\/extraescolar-de-ingles\/","title":{"rendered":"Extraescolar de ingl\u00e9s"},"content":{"rendered":"\n<p>La adquisici\u00f3n del ingl\u00e9s como segunda lengua aporta beneficios muy enriquecedores en nuestro alumnado, no s\u00f3lo a nivel acad\u00e9mico si no tambi\u00e9n a nivel personal. Les permite acercarse de manera directa a otra cultura y aprender de ella, proporcion\u00e1ndoles la posibilidad de comunicarse con todas aquellas personas que conozcan el idioma en cualquier parte del mundo. A d\u00eda de hoy, la lengua inglesa es la m\u00e1s hablada a nivel mundial, con m\u00e1s de 1.348 millones de hablantes.&nbsp;Por todo ello, desde la <strong>extraescolar de ingl\u00e9s<\/strong>, y atendiendo a las demandas sociales y culturales, queremos ofrecer a nuestro alumnado la oportunidad de seguir form\u00e1ndose en este idioma ( desde edades tempranas hasta edades m\u00e1s avanzadas) de una manera din\u00e1mica y respetuosa, adapt\u00e1ndonos al ritmo y exigencia de cada etapa evolutiva, e involucr\u00e1ndoles en actividades din\u00e1micas relacionadas con sus propios intereses y necesidades que les permitan ser los principales protagonistas de su aprendizaje.<\/p>\n\n\n\n<p><strong>Desde infantil hasta secundaria <\/strong>ofrecemos una extraescolar en la que:&nbsp;<\/p>\n\n\n\n<p>&#8211; Incentivamos y ofrecemos herramientas para el aprendizaje del ingl\u00e9s teniendo un refuerzo extra dos veces por semana, en la mayor\u00eda de los casos con profesorado nativo, para continuar as\u00ed perfeccionando el idioma.&nbsp;<\/p>\n\n\n\n<p>&#8211; Trabajamos las cuatro SKILLS b\u00e1sicas (speaking, listening, reading y writing) en el aprendizaje del idioma. El dominio de todas ellas les har\u00e1 alcanzar objetivos tales como superar ex\u00e1menes oficiales o estar preparados para optar a un puesto de trabajo en el futuro, cada vez m\u00e1s cercano.&nbsp;<\/p>\n\n\n\n<p>&#8211; Impartimos clases en grupos reducidos desde infantil hasta secundaria, garantizando un aprendizaje personalizado y significativo.&nbsp;<\/p>\n\n\n\n<p>A trav\u00e9s de estas actividades, desarrollaremos las <strong>diferentes habilidades <\/strong>b\u00e1sicas:&nbsp;<\/p>\n\n\n\n<p>\u25cf Infantil y primero y segundo de primaria: escucha activa y comunicaci\u00f3n oral, con el objetivo de fomentar una conversaci\u00f3n fluida en la que nuestro alumnado se sienta capaz de expresar sus ideas. Se trabaja de manera l\u00fadica, involucrando al alumnado de manera activa en el aprendizaje a trav\u00e9s de juegos, canciones, rutinas y din\u00e1micas que les motivan a participar.\u00a0<\/p>\n\n\n\n<p>\u25cf Desde tercero de primaria hasta cuarto de secundaria se trabajan las cuatro skills, adaptadas a las necesidades, intereses y nivel de nuestro alumnado: <\/p>\n\n\n\n<p>              \u25cb Reading: comprensi\u00f3n de textos en la lengua inglesa.&nbsp;<\/p>\n\n\n\n<p>              \u25cb Writing: producci\u00f3n de textos escritos haciendo uso de diferentes estructuras.&nbsp;<\/p>\n\n\n\n<p>              \u25cb Listening: comprensi\u00f3n de mensajes orales.<\/p>\n\n\n\n<p>             &nbsp;\u25cb Speaking: producci\u00f3n de mensajes orales.<\/p>\n\n\n\n<p>Adem\u00e1s, a trav\u00e9s del trabajo de estas cuatro habilidades b\u00e1sicas, preparamos a nuestro alumnado para enfrentarse a los <strong>ex\u00e1menes oficiales de Cambridge<\/strong>: Starters, Movers, Flyers, Ket y Pet.<\/p>\n\n\n\n<p>\u00a1\u00a1Os animamos a participar!!<\/p>\n\n\n\n<figure class=\"wp-block-gallery has-nested-images columns-default is-cropped wp-block-gallery-1 is-layout-flex wp-block-gallery-is-layout-flex\">\n<figure class=\"wp-block-image size-large\"><img decoding=\"async\" width=\"1024\" height=\"768\" data-id=\"7069\" src=\"https:\/\/colegiomontserrat.org\/wp-content\/uploads\/2021\/11\/7d12a466-a50c-428a-a734-da2ac4954909-1024x768.jpg\" alt=\"\" class=\"wp-image-7069\" srcset=\"https:\/\/colegiomontserrat.org\/wp-content\/uploads\/2021\/11\/7d12a466-a50c-428a-a734-da2ac4954909-1024x768.jpg 1024w, https:\/\/colegiomontserrat.org\/wp-content\/uploads\/2021\/11\/7d12a466-a50c-428a-a734-da2ac4954909-300x225.jpg 300w, https:\/\/colegiomontserrat.org\/wp-content\/uploads\/2021\/11\/7d12a466-a50c-428a-a734-da2ac4954909-768x576.jpg 768w, https:\/\/colegiomontserrat.org\/wp-content\/uploads\/2021\/11\/7d12a466-a50c-428a-a734-da2ac4954909-1536x1152.jpg 1536w, https:\/\/colegiomontserrat.org\/wp-content\/uploads\/2021\/11\/7d12a466-a50c-428a-a734-da2ac4954909.jpg 2048w\" sizes=\"(max-width: 1024px) 100vw, 1024px\" \/><\/figure>\n\n\n\n<figure class=\"wp-block-image size-large\"><img decoding=\"async\" width=\"766\" height=\"1024\" data-id=\"7068\" src=\"https:\/\/colegiomontserrat.org\/wp-content\/uploads\/2021\/11\/9d3b293d-8edf-40cc-8ee4-d20c78546df7-766x1024.jpg\" alt=\"\" class=\"wp-image-7068\" srcset=\"https:\/\/colegiomontserrat.org\/wp-content\/uploads\/2021\/11\/9d3b293d-8edf-40cc-8ee4-d20c78546df7-766x1024.jpg 766w, https:\/\/colegiomontserrat.org\/wp-content\/uploads\/2021\/11\/9d3b293d-8edf-40cc-8ee4-d20c78546df7-224x300.jpg 224w, https:\/\/colegiomontserrat.org\/wp-content\/uploads\/2021\/11\/9d3b293d-8edf-40cc-8ee4-d20c78546df7-768x1027.jpg 768w, https:\/\/colegiomontserrat.org\/wp-content\/uploads\/2021\/11\/9d3b293d-8edf-40cc-8ee4-d20c78546df7-1149x1536.jpg 1149w, https:\/\/colegiomontserrat.org\/wp-content\/uploads\/2021\/11\/9d3b293d-8edf-40cc-8ee4-d20c78546df7.jpg 1532w\" sizes=\"(max-width: 766px) 100vw, 766px\" \/><\/figure>\n\n\n\n<figure class=\"wp-block-image size-large\"><img decoding=\"async\" width=\"1024\" height=\"766\" data-id=\"7067\" src=\"https:\/\/colegiomontserrat.org\/wp-content\/uploads\/2021\/11\/698e95b1-740e-4ff8-8b08-96364289bceb-1024x766.jpg\" alt=\"\" class=\"wp-image-7067\" srcset=\"https:\/\/colegiomontserrat.org\/wp-content\/uploads\/2021\/11\/698e95b1-740e-4ff8-8b08-96364289bceb-1024x766.jpg 1024w, https:\/\/colegiomontserrat.org\/wp-content\/uploads\/2021\/11\/698e95b1-740e-4ff8-8b08-96364289bceb-300x224.jpg 300w, https:\/\/colegiomontserrat.org\/wp-content\/uploads\/2021\/11\/698e95b1-740e-4ff8-8b08-96364289bceb-768x575.jpg 768w, https:\/\/colegiomontserrat.org\/wp-content\/uploads\/2021\/11\/698e95b1-740e-4ff8-8b08-96364289bceb-1536x1149.jpg 1536w, https:\/\/colegiomontserrat.org\/wp-content\/uploads\/2021\/11\/698e95b1-740e-4ff8-8b08-96364289bceb.jpg 2048w\" sizes=\"(max-width: 1024px) 100vw, 1024px\" \/><\/figure>\n\n\n\n<figure class=\"wp-block-image size-large\"><img decoding=\"async\" width=\"1024\" height=\"768\" data-id=\"7042\" src=\"https:\/\/colegiomontserrat.org\/wp-content\/uploads\/2021\/10\/IMG_2627-1024x768.jpeg\" alt=\"\" class=\"wp-image-7042\" srcset=\"https:\/\/colegiomontserrat.org\/wp-content\/uploads\/2021\/10\/IMG_2627-1024x768.jpeg 1024w, https:\/\/colegiomontserrat.org\/wp-content\/uploads\/2021\/10\/IMG_2627-300x225.jpeg 300w, https:\/\/colegiomontserrat.org\/wp-content\/uploads\/2021\/10\/IMG_2627-768x576.jpeg 768w, https:\/\/colegiomontserrat.org\/wp-content\/uploads\/2021\/10\/IMG_2627-1536x1152.jpeg 1536w, https:\/\/colegiomontserrat.org\/wp-content\/uploads\/2021\/10\/IMG_2627-2048x1536.jpeg 2048w\" sizes=\"(max-width: 1024px) 100vw, 1024px\" \/><\/figure>\n\n\n\n<figure class=\"wp-block-image size-large\"><img decoding=\"async\" width=\"1024\" height=\"768\" data-id=\"7026\" src=\"https:\/\/colegiomontserrat.org\/wp-content\/uploads\/2021\/10\/IMG-4665-1024x768.jpg\" alt=\"\" class=\"wp-image-7026\" srcset=\"https:\/\/colegiomontserrat.org\/wp-content\/uploads\/2021\/10\/IMG-4665-1024x768.jpg 1024w, https:\/\/colegiomontserrat.org\/wp-content\/uploads\/2021\/10\/IMG-4665-300x225.jpg 300w, https:\/\/colegiomontserrat.org\/wp-content\/uploads\/2021\/10\/IMG-4665-768x576.jpg 768w, https:\/\/colegiomontserrat.org\/wp-content\/uploads\/2021\/10\/IMG-4665-1536x1152.jpg 1536w, https:\/\/colegiomontserrat.org\/wp-content\/uploads\/2021\/10\/IMG-4665-2048x1536.jpg 2048w\" sizes=\"(max-width: 1024px) 100vw, 1024px\" \/><\/figure>\n<\/figure>\n","protected":false},"excerpt":{"rendered":"<p>La adquisici\u00f3n del ingl\u00e9s como segunda lengua aporta beneficios muy enriquecedores en nuestro alumnado, no s\u00f3lo a nivel acad\u00e9mico si no tambi\u00e9n a nivel personal. Les permite acercarse de manera directa a otra cultura y aprender de ella, proporcion\u00e1ndoles la posibilidad de comunicarse con todas aquellas personas que conozcan el idioma en cualquier parte del [&hellip;]<\/p>\n","protected":false},"author":1,"featured_media":5000,"parent":0,"menu_order":0,"comment_status":"closed","ping_status":"closed","template":"","meta":{"footnotes":""},"class_list":["post-4832","page","type-page","status-publish","has-post-thumbnail","hentry"],"_links":{"self":[{"href":"https:\/\/colegiomontserrat.org\/wp-json\/wp\/v2\/pages\/4832","targetHints":{"allow":["GET"]}}],"collection":[{"href":"https:\/\/colegiomontserrat.org\/wp-json\/wp\/v2\/pages"}],"about":[{"href":"https:\/\/colegiomontserrat.org\/wp-json\/wp\/v2\/types\/page"}],"author":[{"embeddable":true,"href":"https:\/\/colegiomontserrat.org\/wp-json\/wp\/v2\/users\/1"}],"replies":[{"embeddable":true,"href":"https:\/\/colegiomontserrat.org\/wp-json\/wp\/v2\/comments?post=4832"}],"version-history":[{"count":9,"href":"https:\/\/colegiomontserrat.org\/wp-json\/wp\/v2\/pages\/4832\/revisions"}],"predecessor-version":[{"id":14968,"href":"https:\/\/colegiomontserrat.org\/wp-json\/wp\/v2\/pages\/4832\/revisions\/14968"}],"wp:featuredmedia":[{"embeddable":true,"href":"https:\/\/colegiomontserrat.org\/wp-json\/wp\/v2\/media\/5000"}],"wp:attachment":[{"href":"https:\/\/colegiomontserrat.org\/wp-json\/wp\/v2\/media?parent=4832"}],"curies":[{"name":"wp","href":"https:\/\/api.w.org\/{rel}","templated":true}]}}