{"id":7,"date":"2011-02-22T12:39:45","date_gmt":"2011-02-22T11:39:45","guid":{"rendered":"http:\/\/www.colegiomontserrat.org\/?page_id=7"},"modified":"2026-03-03T00:35:10","modified_gmt":"2026-03-02T23:35:10","slug":"contacto","status":"publish","type":"page","link":"https:\/\/colegiomontserrat.org\/contacto\/","title":{"rendered":"Contacto"},"content":{"rendered":"<p>Puedes llamarnos por tel\u00e9fono al n\u00famero <strong>91 317 56 43<\/strong><br \/>Si necesitas enviar un fax, nuestro n\u00famero es <strong>91 317 24 96<\/strong><br \/>Nuestro correo electr\u00f3nico es: <strong>secretaria@colegiomontserrat.org<\/strong><\/p>\n\n\n<iframe src=\"https:\/\/www.google.com\/maps\/embed?pb=!1m18!1m12!1m3!1d12159.848398070975!2d-3.7226271629333314!3d40.365364726780534!2m3!1f0!2f0!3f0!3m2!1i1024!2i768!4f13.1!3m3!1m2!1s0xd422702772b2e83%3A0xdd6483be47776326!2sColegio%20Concertado%20Nuestra%20Se%C3%B1ora%20de%20Montserrat!5e0!3m2!1ses!2ses!4v1772493926413!5m2!1ses!2ses\" width=\"600\" height=\"450\" style=\"border:0;\" allowfullscreen=\"\" loading=\"lazy\" referrerpolicy=\"no-referrer-when-downgrade\"><\/iframe>\n\n\n\n\n<style id=\"wpforms-css-vars-15650\">\n\t\t\t\t#wpforms-15650 {\n\t\t\t\t--wpforms-container-padding: 0px;\n--wpforms-container-border-width: 1px;\n--wpforms-container-border-radius: 3px;\n--wpforms-background-color: rgba(0, 0, 0, 0);\n--wpforms-field-size-input-height: 43px;\n--wpforms-field-size-input-spacing: 15px;\n--wpforms-field-size-font-size: 16px;\n--wpforms-field-size-line-height: 19px;\n--wpforms-field-size-padding-h: 14px;\n--wpforms-field-size-checkbox-size: 16px;\n--wpforms-field-size-sublabel-spacing: 5px;\n--wpforms-field-size-icon-size: 1;\n--wpforms-label-size-font-size: 16px;\n--wpforms-label-size-line-height: 19px;\n--wpforms-label-size-sublabel-font-size: 14px;\n--wpforms-label-size-sublabel-line-height: 17px;\n--wpforms-button-size-font-size: 17px;\n--wpforms-button-size-height: 41px;\n--wpforms-button-size-padding-h: 15px;\n--wpforms-button-size-margin-top: 10px;\n--wpforms-container-shadow-size-box-shadow: none;\n\t\t\t}\n\t\t\t<\/style><div class=\"wpforms-container wpforms-container-full wpforms-render-modern\" id=\"wpforms-15650\"><form id=\"wpforms-form-15650\" class=\"wpforms-validate wpforms-form wpforms-ajax-form\" data-formid=\"15650\" method=\"post\" enctype=\"multipart\/form-data\" action=\"\/index.php?rest_route=%2Fwp%2Fv2%2Fpages%2F7\" data-token=\"49c15c458b04e34d6e154a6d6607015e\" data-token-time=\"1777684625\"><noscript class=\"wpforms-error-noscript\">Por favor, activa JavaScript en tu navegador para completar este formulario.<\/noscript><div id=\"wpforms-error-noscript\" style=\"display: none;\">Por favor, activa JavaScript en tu navegador para completar este formulario.<\/div><div class=\"wpforms-field-container\"><div id=\"wpforms-15650-field_2-container\" class=\"wpforms-field wpforms-field-name\" data-field-id=\"2\"><fieldset><legend class=\"wpforms-field-label\">Nombre <span class=\"wpforms-required-label\" aria-hidden=\"true\">*<\/span><\/legend><div class=\"wpforms-field-row wpforms-field-medium\"><div class=\"wpforms-field-row-block wpforms-first wpforms-one-half\"><input type=\"text\" id=\"wpforms-15650-field_2\" class=\"wpforms-field-name-first wpforms-field-required\" name=\"wpforms[fields][2][first]\" aria-errormessage=\"wpforms-15650-field_2-error\" required><label for=\"wpforms-15650-field_2\" class=\"wpforms-field-sublabel after\">Nombre<\/label><\/div><div class=\"wpforms-field-row-block wpforms-one-half\"><input type=\"text\" id=\"wpforms-15650-field_2-last\" class=\"wpforms-field-name-last wpforms-field-required\" name=\"wpforms[fields][2][last]\" aria-errormessage=\"wpforms-15650-field_2-last-error\" required><label for=\"wpforms-15650-field_2-last\" class=\"wpforms-field-sublabel after\">Apellidos<\/label><\/div><\/div><\/fieldset><\/div><div id=\"wpforms-15650-field_3-container\" class=\"wpforms-field wpforms-field-email\" data-field-id=\"3\"><label class=\"wpforms-field-label\" for=\"wpforms-15650-field_3\">Correo electr\u00f3nico <span class=\"wpforms-required-label\" aria-hidden=\"true\">*<\/span><\/label><input type=\"email\" id=\"wpforms-15650-field_3\" class=\"wpforms-field-medium wpforms-field-required\" name=\"wpforms[fields][3]\" spellcheck=\"false\" aria-errormessage=\"wpforms-15650-field_3-error\" required><\/div><div id=\"wpforms-15650-field_4-container\" class=\"wpforms-field wpforms-field-text\" data-field-id=\"4\"><label class=\"wpforms-field-label\" for=\"wpforms-15650-field_4\">Asunto <span class=\"wpforms-required-label\" aria-hidden=\"true\">*<\/span><\/label><input type=\"text\" id=\"wpforms-15650-field_4\" class=\"wpforms-field-medium wpforms-field-required\" name=\"wpforms[fields][4]\" aria-errormessage=\"wpforms-15650-field_4-error\" required><\/div><div id=\"wpforms-15650-field_5-container\" class=\"wpforms-field wpforms-field-textarea\" data-field-id=\"5\"><label class=\"wpforms-field-label\" for=\"wpforms-15650-field_5\">Mensaje <span class=\"wpforms-required-label\" aria-hidden=\"true\">*<\/span><\/label><textarea id=\"wpforms-15650-field_5\" class=\"wpforms-field-medium wpforms-field-required\" name=\"wpforms[fields][5]\" aria-errormessage=\"wpforms-15650-field_5-error\" required><\/textarea><\/div><\/div><!-- .wpforms-field-container --><div class=\"wpforms-submit-container\" ><input type=\"hidden\" name=\"wpforms[id]\" value=\"15650\"><input type=\"hidden\" name=\"page_title\" value=\"\"><input type=\"hidden\" name=\"page_url\" value=\"https:\/\/colegiomontserrat.org\/index.php?rest_route=\/wp\/v2\/pages\/7\"><input type=\"hidden\" name=\"url_referer\" value=\"\"><button type=\"submit\" name=\"wpforms[submit]\" id=\"wpforms-submit-15650\" class=\"wpforms-submit\" data-alt-text=\"Enviando...\" data-submit-text=\"Enviar\" aria-live=\"assertive\" value=\"wpforms-submit\">Enviar<\/button><img decoding=\"async\" src=\"https:\/\/colegiomontserrat.org\/wp-content\/plugins\/wpforms-lite\/assets\/images\/submit-spin.svg\" class=\"wpforms-submit-spinner\" style=\"display: none;\" width=\"26\" height=\"26\" alt=\"Cargando\"><\/div><\/form><\/div>  <!-- .wpforms-container -->\n\n\n\n<p><\/p>\n","protected":false},"excerpt":{"rendered":"<p>Puedes llamarnos por tel\u00e9fono al n\u00famero 91 317 56 43Si necesitas enviar un fax, nuestro n\u00famero es 91 317 24 96Nuestro correo electr\u00f3nico es: secretaria@colegiomontserrat.org<\/p>\n","protected":false},"author":1,"featured_media":0,"parent":0,"menu_order":0,"comment_status":"closed","ping_status":"closed","template":"","meta":{"footnotes":""},"class_list":["post-7","page","type-page","status-publish","hentry"],"_links":{"self":[{"href":"https:\/\/colegiomontserrat.org\/wp-json\/wp\/v2\/pages\/7","targetHints":{"allow":["GET"]}}],"collection":[{"href":"https:\/\/colegiomontserrat.org\/wp-json\/wp\/v2\/pages"}],"about":[{"href":"https:\/\/colegiomontserrat.org\/wp-json\/wp\/v2\/types\/page"}],"author":[{"embeddable":true,"href":"https:\/\/colegiomontserrat.org\/wp-json\/wp\/v2\/users\/1"}],"replies":[{"embeddable":true,"href":"https:\/\/colegiomontserrat.org\/wp-json\/wp\/v2\/comments?post=7"}],"version-history":[{"count":35,"href":"https:\/\/colegiomontserrat.org\/wp-json\/wp\/v2\/pages\/7\/revisions"}],"predecessor-version":[{"id":16582,"href":"https:\/\/colegiomontserrat.org\/wp-json\/wp\/v2\/pages\/7\/revisions\/16582"}],"wp:attachment":[{"href":"https:\/\/colegiomontserrat.org\/wp-json\/wp\/v2\/media?parent=7"}],"curies":[{"name":"wp","href":"https:\/\/api.w.org\/{rel}","templated":true}]}}